{"id":9,"date":"2014-03-10T21:10:03","date_gmt":"2014-03-10T21:10:03","guid":{"rendered":"http:\/\/annastrauning.com\/?page_id=9"},"modified":"2023-03-31T09:25:02","modified_gmt":"2023-03-31T09:25:02","slug":"keramik","status":"publish","type":"page","link":"http:\/\/annastrauning.com\/?page_id=9","title":{"rendered":"KERAMIK"},"content":{"rendered":"<p>Jeg laver keramik til hverdagsbrug, ting som bruges til dekoration og\u00a0 smykker for kvinder. I den mere funktionelle kategori findes sk\u00e5le, fade, lysestager osv. I den mere dekorative kategori findes bl.a. vaser og dekorative sk\u00e5le. Alle mine brugsting kan t\u00e5le at komme i opvaskemaskinen.<\/p>\n<p>Naturen har altid spillet en stor rolle i mit liv og er mig til evig gl\u00e6de og inspiration.<\/p>\n<p>Den unikke keramikserie, som jeg nu pr\u00e6senterer, er inspireret af Antoni Gaudi og min\u00a0k\u00e6rlighed til naturen.<\/p>\n<p>Gaud\u00ed s\u00e5 naturens verden som fyldt med bl\u00f8de kurver \u2013 ikke rette linjer. Han s\u00e5, at naturens egne bygningsv\u00e6rker havde fork\u00e6rlighed for det b\u00f8jelige.<\/p>\n<p>I mit virke arbejder jeg \u00a0af lerets mange muligheder: det fine porcel\u00e6n med sin gennemskinnelighed og de grovere ler typer, der kalder p\u00e5 kraftige former, men som alligevel kan forvandles til tynde sarte sk\u00e5le.<\/p>\n<p><img loading=\"lazy\" decoding=\"async\" class=\"alignnone wp-image-538\" src=\"http:\/\/annastrauning.com\/wp-content\/uploads\/2014\/03\/100-224x300.jpg\" alt=\"100\" width=\"205\" height=\"275\" srcset=\"http:\/\/annastrauning.com\/wp-content\/uploads\/2014\/03\/100-224x300.jpg 224w, http:\/\/annastrauning.com\/wp-content\/uploads\/2014\/03\/100-767x1024.jpg 767w\" sizes=\"(max-width: 205px) 100vw, 205px\" \/>\u00a0 \u00a0 \u00a0 \u00a0 \u00a0 \u00a0 \u00a0 \u00a0 \u00a0 \u00a0 \u00a0 \u00a0 \u00a0 \u00a0<a href=\"http:\/\/annastrauning.com\/wp-content\/uploads\/2014\/03\/84a.jpg\"><img loading=\"lazy\" decoding=\"async\" class=\"alignnone wp-image-549\" src=\"http:\/\/annastrauning.com\/wp-content\/uploads\/2014\/03\/84a-153x300.jpg\" alt=\"84a\" width=\"139\" height=\"272\" srcset=\"http:\/\/annastrauning.com\/wp-content\/uploads\/2014\/03\/84a-153x300.jpg 153w, http:\/\/annastrauning.com\/wp-content\/uploads\/2014\/03\/84a-525x1024.jpg 525w, http:\/\/annastrauning.com\/wp-content\/uploads\/2014\/03\/84a.jpg 833w\" sizes=\"(max-width: 139px) 100vw, 139px\" \/><\/a><\/p>\n<p><a href=\"http:\/\/annastrauning.com\/wp-content\/uploads\/2014\/03\/85.jpg\"><img loading=\"lazy\" decoding=\"async\" class=\"alignnone wp-image-550\" src=\"http:\/\/annastrauning.com\/wp-content\/uploads\/2014\/03\/85-204x300.jpg\" alt=\"85\" width=\"158\" height=\"232\" srcset=\"http:\/\/annastrauning.com\/wp-content\/uploads\/2014\/03\/85-204x300.jpg 204w, http:\/\/annastrauning.com\/wp-content\/uploads\/2014\/03\/85-698x1024.jpg 698w, http:\/\/annastrauning.com\/wp-content\/uploads\/2014\/03\/85.jpg 1056w\" sizes=\"(max-width: 158px) 100vw, 158px\" \/>\u00a0 \u00a0 \u00a0 \u00a0 \u00a0 \u00a0 \u00a0 \u00a0 \u00a0 \u00a0 \u00a0 \u00a0 \u00a0 \u00a0 \u00a0 \u00a0 \u00a0 \u00a0<img loading=\"lazy\" decoding=\"async\" class=\"alignnone wp-image-449\" src=\"http:\/\/annastrauning.com\/wp-content\/uploads\/2014\/03\/39-k-186x300.jpg\" alt=\"39 k\" width=\"144\" height=\"233\" srcset=\"http:\/\/annastrauning.com\/wp-content\/uploads\/2014\/03\/39-k-186x300.jpg 186w, http:\/\/annastrauning.com\/wp-content\/uploads\/2014\/03\/39-k-636x1024.jpg 636w, http:\/\/annastrauning.com\/wp-content\/uploads\/2014\/03\/39-k.jpg 772w\" sizes=\"(max-width: 144px) 100vw, 144px\" \/><\/a><\/p>\n<p><img loading=\"lazy\" decoding=\"async\" class=\"alignnone wp-image-566\" src=\"http:\/\/annastrauning.com\/wp-content\/uploads\/2014\/03\/7.-D-20-cm.-H-12-cm.-300x195.jpg\" alt=\"7. D - 20 cm. H - 12 cm.\" width=\"207\" height=\"134\" srcset=\"http:\/\/annastrauning.com\/wp-content\/uploads\/2014\/03\/7.-D-20-cm.-H-12-cm.-300x195.jpg 300w, http:\/\/annastrauning.com\/wp-content\/uploads\/2014\/03\/7.-D-20-cm.-H-12-cm.-1024x667.jpg 1024w\" sizes=\"(max-width: 207px) 100vw, 207px\" \/>\u00a0 <a href=\"http:\/\/annastrauning.com\/wp-content\/uploads\/2014\/03\/33.jpg\">\u00a0 \u00a0 \u00a0\u00a0<img loading=\"lazy\" decoding=\"async\" class=\"alignnone wp-image-570\" src=\"http:\/\/annastrauning.com\/wp-content\/uploads\/2014\/03\/33-300x214.jpg\" alt=\"33\" width=\"226\" height=\"161\" srcset=\"http:\/\/annastrauning.com\/wp-content\/uploads\/2014\/03\/33-300x214.jpg 300w, http:\/\/annastrauning.com\/wp-content\/uploads\/2014\/03\/33-1024x732.jpg 1024w, http:\/\/annastrauning.com\/wp-content\/uploads\/2014\/03\/33.jpg 1610w\" sizes=\"(max-width: 226px) 100vw, 226px\" \/><\/a><\/p>\n<p style=\"text-align: left;\"><a href=\"http:\/\/annastrauning.com\/wp-content\/uploads\/2014\/03\/Fad-Henriette-gold.jpg\"><img loading=\"lazy\" decoding=\"async\" class=\"alignnone wp-image-595\" src=\"http:\/\/annastrauning.com\/wp-content\/uploads\/2014\/03\/Fad-Henriette-gold-300x218.jpg\" alt=\"\" width=\"239\" height=\"174\" srcset=\"http:\/\/annastrauning.com\/wp-content\/uploads\/2014\/03\/Fad-Henriette-gold-300x218.jpg 300w, http:\/\/annastrauning.com\/wp-content\/uploads\/2014\/03\/Fad-Henriette-gold-768x559.jpg 768w, http:\/\/annastrauning.com\/wp-content\/uploads\/2014\/03\/Fad-Henriette-gold-1024x745.jpg 1024w, http:\/\/annastrauning.com\/wp-content\/uploads\/2014\/03\/Fad-Henriette-gold.jpg 1567w\" sizes=\"(max-width: 239px) 100vw, 239px\" \/><\/a>\u00a0<a href=\"http:\/\/annastrauning.com\/wp-content\/uploads\/2014\/03\/20170809_125208.jpg\"><img loading=\"lazy\" decoding=\"async\" class=\"alignnone wp-image-596\" src=\"http:\/\/annastrauning.com\/wp-content\/uploads\/2014\/03\/20170809_125208-300x184.jpg\" alt=\"\" width=\"215\" height=\"132\" srcset=\"http:\/\/annastrauning.com\/wp-content\/uploads\/2014\/03\/20170809_125208-300x184.jpg 300w, http:\/\/annastrauning.com\/wp-content\/uploads\/2014\/03\/20170809_125208-768x472.jpg 768w, http:\/\/annastrauning.com\/wp-content\/uploads\/2014\/03\/20170809_125208-1024x629.jpg 1024w, http:\/\/annastrauning.com\/wp-content\/uploads\/2014\/03\/20170809_125208.jpg 1813w\" sizes=\"(max-width: 215px) 100vw, 215px\" \/><\/a><\/p>\n<p><a href=\"http:\/\/annastrauning.com\/wp-content\/uploads\/2014\/03\/Henriette-2.jpg\"><img loading=\"lazy\" decoding=\"async\" class=\"alignnone wp-image-603\" src=\"http:\/\/annastrauning.com\/wp-content\/uploads\/2014\/03\/Henriette-2-300x225.jpg\" alt=\"\" width=\"208\" height=\"156\" srcset=\"http:\/\/annastrauning.com\/wp-content\/uploads\/2014\/03\/Henriette-2-300x225.jpg 300w, http:\/\/annastrauning.com\/wp-content\/uploads\/2014\/03\/Henriette-2-768x577.jpg 768w, http:\/\/annastrauning.com\/wp-content\/uploads\/2014\/03\/Henriette-2-1024x770.jpg 1024w, http:\/\/annastrauning.com\/wp-content\/uploads\/2014\/03\/Henriette-2.jpg 1518w\" sizes=\"(max-width: 208px) 100vw, 208px\" \/><\/a><a href=\"http:\/\/annastrauning.com\/wp-content\/uploads\/2014\/03\/Sk\u00e5l-Lisbet-m-bl\u00e5.jpg\">\u00a0 \u00a0 \u00a0 \u00a0<\/a><a href=\"http:\/\/annastrauning.com\/wp-content\/uploads\/2014\/03\/Sk\u00e5l-Lisbet-m-bl\u00e5.jpg\"><img loading=\"lazy\" decoding=\"async\" class=\"alignnone wp-image-604\" src=\"http:\/\/annastrauning.com\/wp-content\/uploads\/2014\/03\/Sk\u00e5l-Lisbet-m-bl\u00e5-300x215.jpg\" alt=\"\" width=\"225\" height=\"161\" srcset=\"http:\/\/annastrauning.com\/wp-content\/uploads\/2014\/03\/Sk\u00e5l-Lisbet-m-bl\u00e5-300x215.jpg 300w, http:\/\/annastrauning.com\/wp-content\/uploads\/2014\/03\/Sk\u00e5l-Lisbet-m-bl\u00e5-768x550.jpg 768w, http:\/\/annastrauning.com\/wp-content\/uploads\/2014\/03\/Sk\u00e5l-Lisbet-m-bl\u00e5-1024x733.jpg 1024w, http:\/\/annastrauning.com\/wp-content\/uploads\/2014\/03\/Sk\u00e5l-Lisbet-m-bl\u00e5.jpg 1610w\" sizes=\"(max-width: 225px) 100vw, 225px\" \/><\/a><\/p>\n<p><a href=\"http:\/\/annastrauning.com\/wp-content\/uploads\/2014\/03\/49.-Oxana-lille..jpg\"><img loading=\"lazy\" decoding=\"async\" class=\"alignnone wp-image-608\" src=\"http:\/\/annastrauning.com\/wp-content\/uploads\/2014\/03\/49.-Oxana-lille.-300x235.jpg\" alt=\"\" width=\"207\" height=\"162\" srcset=\"http:\/\/annastrauning.com\/wp-content\/uploads\/2014\/03\/49.-Oxana-lille.-300x235.jpg 300w, http:\/\/annastrauning.com\/wp-content\/uploads\/2014\/03\/49.-Oxana-lille.-768x602.jpg 768w, http:\/\/annastrauning.com\/wp-content\/uploads\/2014\/03\/49.-Oxana-lille.-1024x803.jpg 1024w, http:\/\/annastrauning.com\/wp-content\/uploads\/2014\/03\/49.-Oxana-lille..jpg 1428w\" sizes=\"(max-width: 207px) 100vw, 207px\" \/><\/a>\u00a0 \u00a0 \u00a0 \u00a0 \u00a0 \u00a0 \u00a0 \u00a0 \u00a0 \u00a0 \u00a0 \u00a0\u00a0<img loading=\"lazy\" decoding=\"async\" class=\"alignnone wp-image-619\" style=\"font-size: 12px;\" src=\"http:\/\/annastrauning.com\/wp-content\/uploads\/2014\/03\/7.-284x300.jpg\" alt=\"\" width=\"159\" height=\"168\" srcset=\"http:\/\/annastrauning.com\/wp-content\/uploads\/2014\/03\/7.-284x300.jpg 284w, http:\/\/annastrauning.com\/wp-content\/uploads\/2014\/03\/7.-768x812.jpg 768w, http:\/\/annastrauning.com\/wp-content\/uploads\/2014\/03\/7.-968x1024.jpg 968w, http:\/\/annastrauning.com\/wp-content\/uploads\/2014\/03\/7..jpg 1214w\" sizes=\"(max-width: 159px) 100vw, 159px\" \/><\/p>\n<p><a href=\"http:\/\/annastrauning.com\/wp-content\/uploads\/2014\/03\/47?-1.jpg\"><img loading=\"lazy\" decoding=\"async\" class=\"alignnone size-medium wp-image-617\" src=\"http:\/\/annastrauning.com\/wp-content\/uploads\/2014\/03\/47?-1.jpg\" alt=\"\" width=\"1\" height=\"1\" \/><\/a><a href=\"http:\/\/annastrauning.com\/wp-content\/uploads\/2014\/03\/47kk.jpg\"><img loading=\"lazy\" decoding=\"async\" class=\"alignnone wp-image-618\" src=\"http:\/\/annastrauning.com\/wp-content\/uploads\/2014\/03\/47kk-300x222.jpg\" alt=\"\" width=\"226\" height=\"167\" srcset=\"http:\/\/annastrauning.com\/wp-content\/uploads\/2014\/03\/47kk-300x222.jpg 300w, http:\/\/annastrauning.com\/wp-content\/uploads\/2014\/03\/47kk-768x568.jpg 768w, http:\/\/annastrauning.com\/wp-content\/uploads\/2014\/03\/47kk-1024x757.jpg 1024w, http:\/\/annastrauning.com\/wp-content\/uploads\/2014\/03\/47kk.jpg 1458w\" sizes=\"(max-width: 226px) 100vw, 226px\" \/><\/a>\u00a0 \u00a0 \u00a0 \u00a0 \u00a0 \u00a0 \u00a0 \u00a0<a href=\"http:\/\/annastrauning.com\/wp-content\/uploads\/2014\/03\/7..jpg\">\u00a0<\/a><a href=\"http:\/\/annastrauning.com\/wp-content\/uploads\/2014\/03\/9b.-S\u00e6be-s\u00e6t-Malbella.jpg\"><img loading=\"lazy\" decoding=\"async\" class=\"alignnone  wp-image-636\" src=\"http:\/\/annastrauning.com\/wp-content\/uploads\/2014\/03\/9b.-S\u00e6be-s\u00e6t-Malbella-300x300.jpg\" alt=\"\" width=\"166\" height=\"166\" srcset=\"http:\/\/annastrauning.com\/wp-content\/uploads\/2014\/03\/9b.-S\u00e6be-s\u00e6t-Malbella-300x300.jpg 300w, http:\/\/annastrauning.com\/wp-content\/uploads\/2014\/03\/9b.-S\u00e6be-s\u00e6t-Malbella-150x150.jpg 150w, http:\/\/annastrauning.com\/wp-content\/uploads\/2014\/03\/9b.-S\u00e6be-s\u00e6t-Malbella-768x768.jpg 768w, http:\/\/annastrauning.com\/wp-content\/uploads\/2014\/03\/9b.-S\u00e6be-s\u00e6t-Malbella-1024x1024.jpg 1024w\" sizes=\"(max-width: 166px) 100vw, 166px\" \/><\/a><a href=\"http:\/\/annastrauning.com\/wp-content\/uploads\/2014\/03\/7..jpg\">\u00a0 \u00a0 \u00a0<\/a><\/p>\n<p style=\"text-align: left;\"><a href=\"http:\/\/annastrauning.com\/wp-content\/uploads\/2014\/03\/Vase-Bestemors-sommerhus-a.jpg\"><img loading=\"lazy\" decoding=\"async\" class=\"alignnone wp-image-598\" src=\"http:\/\/annastrauning.com\/wp-content\/uploads\/2014\/03\/Vase-Bestemors-sommerhus-a-300x217.jpg\" alt=\"\" width=\"240\" height=\"174\" srcset=\"http:\/\/annastrauning.com\/wp-content\/uploads\/2014\/03\/Vase-Bestemors-sommerhus-a-300x217.jpg 300w, http:\/\/annastrauning.com\/wp-content\/uploads\/2014\/03\/Vase-Bestemors-sommerhus-a-768x555.jpg 768w, http:\/\/annastrauning.com\/wp-content\/uploads\/2014\/03\/Vase-Bestemors-sommerhus-a-1024x740.jpg 1024w, http:\/\/annastrauning.com\/wp-content\/uploads\/2014\/03\/Vase-Bestemors-sommerhus-a.jpg 1372w\" sizes=\"(max-width: 240px) 100vw, 240px\" \/><\/a>\u00a0<a href=\"http:\/\/annastrauning.com\/wp-content\/uploads\/2014\/03\/Vase-Bestemors-sommerhus.1.jpg\"><img loading=\"lazy\" decoding=\"async\" class=\"alignnone wp-image-599\" src=\"http:\/\/annastrauning.com\/wp-content\/uploads\/2014\/03\/Vase-Bestemors-sommerhus.1-300x246.jpg\" alt=\"\" width=\"217\" height=\"178\" srcset=\"http:\/\/annastrauning.com\/wp-content\/uploads\/2014\/03\/Vase-Bestemors-sommerhus.1-300x246.jpg 300w, http:\/\/annastrauning.com\/wp-content\/uploads\/2014\/03\/Vase-Bestemors-sommerhus.1-768x630.jpg 768w, http:\/\/annastrauning.com\/wp-content\/uploads\/2014\/03\/Vase-Bestemors-sommerhus.1-1024x840.jpg 1024w, http:\/\/annastrauning.com\/wp-content\/uploads\/2014\/03\/Vase-Bestemors-sommerhus.1.jpg 1367w\" sizes=\"(max-width: 217px) 100vw, 217px\" \/><\/a><\/p>\n<p><a href=\"http:\/\/annastrauning.com\/wp-content\/uploads\/2014\/03\/17.jpg\"><img loading=\"lazy\" decoding=\"async\" class=\"alignnone size-medium wp-image-615\" src=\"http:\/\/annastrauning.com\/wp-content\/uploads\/2014\/03\/17-233x300.jpg\" alt=\"\" width=\"233\" height=\"300\" srcset=\"http:\/\/annastrauning.com\/wp-content\/uploads\/2014\/03\/17-233x300.jpg 233w, http:\/\/annastrauning.com\/wp-content\/uploads\/2014\/03\/17-768x987.jpg 768w, http:\/\/annastrauning.com\/wp-content\/uploads\/2014\/03\/17-797x1024.jpg 797w, http:\/\/annastrauning.com\/wp-content\/uploads\/2014\/03\/17.jpg 1476w\" sizes=\"(max-width: 233px) 100vw, 233px\" \/><\/a><a href=\"http:\/\/annastrauning.com\/wp-content\/uploads\/2014\/03\/5-1.jpg\">\u00a0 \u00a0<img loading=\"lazy\" decoding=\"async\" class=\"alignnone size-medium wp-image-616\" src=\"http:\/\/annastrauning.com\/wp-content\/uploads\/2014\/03\/5-1-216x300.jpg\" alt=\"\" width=\"216\" height=\"300\" srcset=\"http:\/\/annastrauning.com\/wp-content\/uploads\/2014\/03\/5-1-216x300.jpg 216w, http:\/\/annastrauning.com\/wp-content\/uploads\/2014\/03\/5-1-768x1068.jpg 768w, http:\/\/annastrauning.com\/wp-content\/uploads\/2014\/03\/5-1-736x1024.jpg 736w, http:\/\/annastrauning.com\/wp-content\/uploads\/2014\/03\/5-1.jpg 958w\" sizes=\"(max-width: 216px) 100vw, 216px\" \/><\/a><\/p>\n<p><img loading=\"lazy\" decoding=\"async\" class=\"alignnone wp-image-477\" src=\"http:\/\/annastrauning.com\/wp-content\/uploads\/2014\/03\/92k-300x295.jpg\" alt=\"92k\" width=\"195\" height=\"192\" srcset=\"http:\/\/annastrauning.com\/wp-content\/uploads\/2014\/03\/92k-300x295.jpg 300w, http:\/\/annastrauning.com\/wp-content\/uploads\/2014\/03\/92k.jpg 722w\" sizes=\"(max-width: 195px) 100vw, 195px\" \/>\u00a0 \u00a0 \u00a0 \u00a0 \u00a0<a href=\"http:\/\/annastrauning.com\/wp-content\/uploads\/2014\/03\/79k.jpg\"><img loading=\"lazy\" decoding=\"async\" class=\"alignnone wp-image-470\" src=\"http:\/\/annastrauning.com\/wp-content\/uploads\/2014\/03\/79k-300x255.jpg\" alt=\"79k\" width=\"221\" height=\"188\" srcset=\"http:\/\/annastrauning.com\/wp-content\/uploads\/2014\/03\/79k-300x255.jpg 300w, http:\/\/annastrauning.com\/wp-content\/uploads\/2014\/03\/79k.jpg 863w\" sizes=\"(max-width: 221px) 100vw, 221px\" \/><\/a><\/p>\n<p><img loading=\"lazy\" decoding=\"async\" class=\"alignnone size-medium wp-image-390\" src=\"http:\/\/annastrauning.com\/wp-content\/uploads\/2014\/03\/67k-128x300.jpg\" alt=\"67k\" width=\"128\" height=\"300\" srcset=\"http:\/\/annastrauning.com\/wp-content\/uploads\/2014\/03\/67k-128x300.jpg 128w, http:\/\/annastrauning.com\/wp-content\/uploads\/2014\/03\/67k-437x1024.jpg 437w, http:\/\/annastrauning.com\/wp-content\/uploads\/2014\/03\/67k.jpg 607w\" sizes=\"(max-width: 128px) 100vw, 128px\" \/><a href=\"http:\/\/annastrauning.com\/wp-content\/uploads\/2014\/03\/1-1.jpg\">\u00a0 \u00a0 \u00a0 \u00a0\u00a0<img loading=\"lazy\" decoding=\"async\" class=\"alignnone size-medium wp-image-621\" src=\"http:\/\/annastrauning.com\/wp-content\/uploads\/2014\/03\/1-1-123x300.jpg\" alt=\"\" width=\"123\" height=\"300\" srcset=\"http:\/\/annastrauning.com\/wp-content\/uploads\/2014\/03\/1-1-123x300.jpg 123w, http:\/\/annastrauning.com\/wp-content\/uploads\/2014\/03\/1-1-768x1875.jpg 768w, http:\/\/annastrauning.com\/wp-content\/uploads\/2014\/03\/1-1-419x1024.jpg 419w, http:\/\/annastrauning.com\/wp-content\/uploads\/2014\/03\/1-1.jpg 1638w\" sizes=\"(max-width: 123px) 100vw, 123px\" \/>\u00a0 \u00a0 \u00a0\u00a0\u00a0\u00a0\u00a0\u00a0<\/a><a href=\"http:\/\/annastrauning.com\/wp-content\/uploads\/2014\/03\/18.jpg\"><img loading=\"lazy\" decoding=\"async\" class=\"alignnone size-medium wp-image-622\" src=\"http:\/\/annastrauning.com\/wp-content\/uploads\/2014\/03\/18-141x300.jpg\" alt=\"\" width=\"141\" height=\"300\" srcset=\"http:\/\/annastrauning.com\/wp-content\/uploads\/2014\/03\/18-141x300.jpg 141w, http:\/\/annastrauning.com\/wp-content\/uploads\/2014\/03\/18-768x1638.jpg 768w, http:\/\/annastrauning.com\/wp-content\/uploads\/2014\/03\/18-480x1024.jpg 480w, http:\/\/annastrauning.com\/wp-content\/uploads\/2014\/03\/18.jpg 1590w\" sizes=\"(max-width: 141px) 100vw, 141px\" \/><\/a><\/p>\n<p><a href=\"http:\/\/annastrauning.com\/wp-content\/uploads\/2014\/03\/67.jpg\">\u00a0\u00a0<\/a><a href=\"http:\/\/annastrauning.com\/wp-content\/uploads\/2014\/03\/30k-Kopi.jpg\"><img loading=\"lazy\" decoding=\"async\" class=\"alignnone wp-image-606\" src=\"http:\/\/annastrauning.com\/wp-content\/uploads\/2014\/03\/30k-Kopi-265x300.jpg\" alt=\"\" width=\"168\" height=\"190\" srcset=\"http:\/\/annastrauning.com\/wp-content\/uploads\/2014\/03\/30k-Kopi-265x300.jpg 265w, http:\/\/annastrauning.com\/wp-content\/uploads\/2014\/03\/30k-Kopi-768x871.jpg 768w, http:\/\/annastrauning.com\/wp-content\/uploads\/2014\/03\/30k-Kopi-903x1024.jpg 903w, http:\/\/annastrauning.com\/wp-content\/uploads\/2014\/03\/30k-Kopi.jpg 1098w\" sizes=\"(max-width: 168px) 100vw, 168px\" \/>\u00a0\u00a0\u00a0<\/a>\u00a0 \u00a0 \u00a0 \u00a0 \u00a0 \u00a0 \u00a0 \u00a0 \u00a0 \u00a0 \u00a0 \u00a0<a href=\"http:\/\/annastrauning.com\/wp-content\/uploads\/2014\/03\/25-k.jpg\"><img loading=\"lazy\" decoding=\"async\" class=\"alignnone wp-image-623\" src=\"http:\/\/annastrauning.com\/wp-content\/uploads\/2014\/03\/25-k-263x300.jpg\" alt=\"\" width=\"167\" height=\"190\" srcset=\"http:\/\/annastrauning.com\/wp-content\/uploads\/2014\/03\/25-k-263x300.jpg 263w, http:\/\/annastrauning.com\/wp-content\/uploads\/2014\/03\/25-k-768x877.jpg 768w, http:\/\/annastrauning.com\/wp-content\/uploads\/2014\/03\/25-k-897x1024.jpg 897w, http:\/\/annastrauning.com\/wp-content\/uploads\/2014\/03\/25-k.jpg 1034w\" sizes=\"(max-width: 167px) 100vw, 167px\" \/>\u00a0\u00a0<\/a><\/p>\n<p><img loading=\"lazy\" decoding=\"async\" class=\"alignnone wp-image-447\" src=\"http:\/\/annastrauning.com\/wp-content\/uploads\/2014\/03\/1k-290x300.jpg\" alt=\"1k\" width=\"159\" height=\"165\" srcset=\"http:\/\/annastrauning.com\/wp-content\/uploads\/2014\/03\/1k-290x300.jpg 290w, http:\/\/annastrauning.com\/wp-content\/uploads\/2014\/03\/1k-990x1024.jpg 990w, http:\/\/annastrauning.com\/wp-content\/uploads\/2014\/03\/1k.jpg 1112w\" sizes=\"(max-width: 159px) 100vw, 159px\" \/><\/p>\n","protected":false},"excerpt":{"rendered":"<p>Jeg laver keramik til hverdagsbrug, ting som bruges til dekoration og\u00a0 smykker for kvinder. I den mere funktionelle kategori findes sk\u00e5le, fade, lysestager osv. I den mere dekorative kategori findes bl.a. vaser og dekorative sk\u00e5le. Alle mine brugsting kan t\u00e5le &hellip; <a href=\"http:\/\/annastrauning.com\/?page_id=9\">Continue reading <span class=\"meta-nav\">&rarr;<\/span><\/a><\/p>\n","protected":false},"author":1,"featured_media":88,"parent":0,"menu_order":0,"comment_status":"open","ping_status":"open","template":"","meta":{"footnotes":"","_links_to":"","_links_to_target":""},"_links":{"self":[{"href":"http:\/\/annastrauning.com\/index.php?rest_route=\/wp\/v2\/pages\/9"}],"collection":[{"href":"http:\/\/annastrauning.com\/index.php?rest_route=\/wp\/v2\/pages"}],"about":[{"href":"http:\/\/annastrauning.com\/index.php?rest_route=\/wp\/v2\/types\/page"}],"author":[{"embeddable":true,"href":"http:\/\/annastrauning.com\/index.php?rest_route=\/wp\/v2\/users\/1"}],"replies":[{"embeddable":true,"href":"http:\/\/annastrauning.com\/index.php?rest_route=%2Fwp%2Fv2%2Fcomments&post=9"}],"version-history":[{"count":44,"href":"http:\/\/annastrauning.com\/index.php?rest_route=\/wp\/v2\/pages\/9\/revisions"}],"predecessor-version":[{"id":685,"href":"http:\/\/annastrauning.com\/index.php?rest_route=\/wp\/v2\/pages\/9\/revisions\/685"}],"wp:featuredmedia":[{"embeddable":true,"href":"http:\/\/annastrauning.com\/index.php?rest_route=\/wp\/v2\/media\/88"}],"wp:attachment":[{"href":"http:\/\/annastrauning.com\/index.php?rest_route=%2Fwp%2Fv2%2Fmedia&parent=9"}],"curies":[{"name":"wp","href":"https:\/\/api.w.org\/{rel}","templated":true}]}}